{"id":123,"date":"2019-08-20T13:58:01","date_gmt":"2019-08-20T13:58:01","guid":{"rendered":"https:\/\/preview.amplethemes.com\/online-portfolio\/?page_id=31"},"modified":"2020-02-19T16:56:48","modified_gmt":"2020-02-19T15:56:48","slug":"web-design","status":"publish","type":"page","link":"https:\/\/www.hillerich.eu\/","title":{"rendered":"FLEXIBEL, SCHNELL, LEISTUNGSF\u00c4HIG \u2026"},"content":{"rendered":"\r\n<p style=\"text-align: center;\">Ohne bremsenden b\u00fcrokratischen Ballast kann ich auf die W\u00fcnsche meiner Kunden flexibel und schnell reagieren und individuell auf sie zugeschnittene L\u00f6sungen entwickeln. Bei Bedarf greife ich auf einen Pool von zuverl\u00e4ssigen externen Mitarbeitern in den Bereichen Konzeption, Text, Fotografie und Reinzeichnung zur\u00fcck. Wenn Sie Fragen haben, schreiben Sie mir eine Mail oder rufen Sie einfach an.<\/p>\r\n","protected":false},"excerpt":{"rendered":"<p>Ohne bremsenden b\u00fcrokratischen Ballast kann ich auf die W\u00fcnsche meiner Kunden flexibel und schnell reagieren und individuell auf sie zugeschnittene L\u00f6sungen entwickeln. Bei Bedarf greife ich auf einen Pool von zuverl\u00e4ssigen externen Mitarbeitern in den Bereichen Konzeption, Text, Fotografie und Reinzeichnung zur\u00fcck. Wenn Sie Fragen haben, schreiben Sie mir eine Mail oder rufen Sie einfach [&hellip;]<\/p>\n","protected":false},"author":1,"featured_media":0,"parent":0,"menu_order":0,"comment_status":"closed","ping_status":"closed","template":"","meta":{"footnotes":""},"class_list":["post-123","page","type-page","status-publish","hentry"],"_links":{"self":[{"href":"https:\/\/www.hillerich.eu\/index.php\/wp-json\/wp\/v2\/pages\/123"}],"collection":[{"href":"https:\/\/www.hillerich.eu\/index.php\/wp-json\/wp\/v2\/pages"}],"about":[{"href":"https:\/\/www.hillerich.eu\/index.php\/wp-json\/wp\/v2\/types\/page"}],"author":[{"embeddable":true,"href":"https:\/\/www.hillerich.eu\/index.php\/wp-json\/wp\/v2\/users\/1"}],"replies":[{"embeddable":true,"href":"https:\/\/www.hillerich.eu\/index.php\/wp-json\/wp\/v2\/comments?post=123"}],"version-history":[{"count":9,"href":"https:\/\/www.hillerich.eu\/index.php\/wp-json\/wp\/v2\/pages\/123\/revisions"}],"predecessor-version":[{"id":537,"href":"https:\/\/www.hillerich.eu\/index.php\/wp-json\/wp\/v2\/pages\/123\/revisions\/537"}],"wp:attachment":[{"href":"https:\/\/www.hillerich.eu\/index.php\/wp-json\/wp\/v2\/media?parent=123"}],"curies":[{"name":"wp","href":"https:\/\/api.w.org\/{rel}","templated":true}]}}