{"id":341,"date":"2020-02-07T18:16:49","date_gmt":"2020-02-07T17:16:49","guid":{"rendered":"http:\/\/www.hillerich.eu\/?page_id=341"},"modified":"2025-05-05T09:36:22","modified_gmt":"2025-05-05T07:36:22","slug":"341-2","status":"publish","type":"page","link":"https:\/\/www.hillerich.eu\/index.php\/341-2\/","title":{"rendered":"DAS SOLLTEN SIE WISSEN."},"content":{"rendered":"<section id=\"bt_bb_section69f260c157a03\" class=\"bt_bb_section bt_bb_layout_boxed_1200\"  data-bt-override-class=\"null\"><div class=\"bt_bb_port\"><div class=\"bt_bb_cell\"><div class=\"bt_bb_cell_inner\"><div class=\"bt_bb_row \"  data-bt-override-class=\"{}\"><div class=\"bt_bb_row_holder\" ><div  class=\"bt_bb_column col-xxl-12 col-xl-12 bt_bb_vertical_align_top bt_bb_align_left bt_bb_padding_normal\"  data-width=\"12\" data-bt-override-class=\"{}\"><div class=\"bt_bb_column_content\"><div class=\"bt_bb_column_content_inner\"><div class=\"bt_bb_separator_v2 bt_bb_border_style_none bt_bb_top_spacing_small bt_bb_bottom_spacing_small bt_bb_icon_size_normal bt_bb_text_size_normal bt_bb_separator_v2_without_content\" data-bt-override-class=\"null\"><div class=\"bt_bb_separator_v2_inner\"><span class=\"bt_bb_separator_v2_inner_before\"><\/span><span class=\"bt_bb_separator_v2_inner_content\"><span  data-ico-=\"\" class=\"bt_bb_icon_holder\"><\/span><\/span><span class=\"bt_bb_separator_v2_inner_after\"><\/span><\/div><\/div><header class=\"bt_bb_headline bt_bb_dash_none bt_bb_size_inherit bt_bb_align_inherit\" data-bt-override-class=\"{}\"><h1 class=\"bt_bb_headline_tag\"><span class=\"bt_bb_headline_content\"><span>Impressum<\/span><\/span><\/h1><\/header><div class=\"bt_bb_separator_v2 bt_bb_border_style_none bt_bb_top_spacing_small bt_bb_bottom_spacing_small bt_bb_icon_size_normal bt_bb_text_size_normal bt_bb_separator_v2_without_content\" data-bt-override-class=\"null\"><div class=\"bt_bb_separator_v2_inner\"><span class=\"bt_bb_separator_v2_inner_before\"><\/span><span class=\"bt_bb_separator_v2_inner_content\"><span  data-ico-=\"\" class=\"bt_bb_icon_holder\"><\/span><\/span><span class=\"bt_bb_separator_v2_inner_after\"><\/span><\/div><\/div><div  class=\"bt_bb_text\" ><\/p>\n<p><strong>Anschrift<\/strong><br \/>Grafik-Studio Werner Hillerich<br \/>Barbarossastra\u00dfe 14<br \/>63906 Erlenbach a. Main<\/p>\n<p>Tel. 09372.944260<br \/>werner@hillerich.eu<br \/>www.hillerich.eu<\/p>\n<p><strong>Verantwortlich f\u00fcr den Inhalt\u2028:<\/strong><br \/>Werner Hillerich<\/p>\n<p><strong>Haftungshinweis<\/strong><br \/>Alle Informationen auf dieser Website wurden mit gr\u00f6\u00dfter Sorgfalt recherchiert und gepr\u00fcft. Dennoch kann keine Haftung f\u00fcr ihre Aktualit\u00e4t, Richtigkeit und Vollst\u00e4ndigkeit \u00fcbernommen werden.<\/p>\n<p><strong>Urheberrecht<\/strong><br \/>Alle Inhalte dieser Website (Texte, Bilder, Logos, Downloaddokumente) sind urheberrechtlich gesch\u00fctzt. Eine Nutzung bedarf einer schriftlichen Zustimmung.<\/p>\n<p><strong>Externe Links<\/strong><br \/>F\u00fcr die Inhalte externer Websites sind deren Betreiber verantwortlich.<\/p>\n<p><strong>Webdesign &amp; Umsetzung<\/strong><br \/>Grafik-Studio Werner Hillerich<\/p>\n<p>\n<\/div><\/div><\/div><\/div><\/div><\/div><\/div><!-- cell_inner --><\/div><!-- cell --><\/div><!-- port --><\/section>\n","protected":false},"excerpt":{"rendered":"","protected":false},"author":1,"featured_media":0,"parent":0,"menu_order":0,"comment_status":"closed","ping_status":"closed","template":"","meta":{"footnotes":""},"class_list":["post-341","page","type-page","status-publish","hentry"],"_links":{"self":[{"href":"https:\/\/www.hillerich.eu\/index.php\/wp-json\/wp\/v2\/pages\/341"}],"collection":[{"href":"https:\/\/www.hillerich.eu\/index.php\/wp-json\/wp\/v2\/pages"}],"about":[{"href":"https:\/\/www.hillerich.eu\/index.php\/wp-json\/wp\/v2\/types\/page"}],"author":[{"embeddable":true,"href":"https:\/\/www.hillerich.eu\/index.php\/wp-json\/wp\/v2\/users\/1"}],"replies":[{"embeddable":true,"href":"https:\/\/www.hillerich.eu\/index.php\/wp-json\/wp\/v2\/comments?post=341"}],"version-history":[{"count":4,"href":"https:\/\/www.hillerich.eu\/index.php\/wp-json\/wp\/v2\/pages\/341\/revisions"}],"predecessor-version":[{"id":653,"href":"https:\/\/www.hillerich.eu\/index.php\/wp-json\/wp\/v2\/pages\/341\/revisions\/653"}],"wp:attachment":[{"href":"https:\/\/www.hillerich.eu\/index.php\/wp-json\/wp\/v2\/media?parent=341"}],"curies":[{"name":"wp","href":"https:\/\/api.w.org\/{rel}","templated":true}]}}